{"id":762,"date":"2024-09-01T13:56:25","date_gmt":"2024-09-01T16:56:25","guid":{"rendered":"https:\/\/jdxvidaesaude.com.br\/saude\/?page_id=762"},"modified":"2024-10-30T21:57:56","modified_gmt":"2024-10-31T00:57:56","slug":"politica-cookies","status":"publish","type":"page","link":"https:\/\/jdxvidaesaude.com.br\/saude\/politica-cookies\/","title":{"rendered":"Pol\u00edtica de Cookies"},"content":{"rendered":"\t\t<div data-elementor-type=\"wp-page\" data-elementor-id=\"762\" class=\"elementor elementor-762\" data-elementor-settings=\"{&quot;ha_cmc_init_switcher&quot;:&quot;no&quot;}\" data-elementor-post-type=\"page\">\n\t\t\t\t<div class=\"elementor-element elementor-element-17a6b90c e-flex e-con-boxed e-con e-parent\" data-id=\"17a6b90c\" data-element_type=\"container\" data-e-type=\"container\" data-settings=\"{&quot;_ha_eqh_enable&quot;:false}\">\n\t\t\t\t\t<div class=\"e-con-inner\">\n\t\t\t\t<div class=\"elementor-element elementor-element-17c549f elementor-button-info elementor-widget elementor-widget-button\" data-id=\"17c549f\" data-element_type=\"widget\" data-e-type=\"widget\" data-widget_type=\"button.default\">\n\t\t\t\t<div class=\"elementor-widget-container\">\n\t\t\t\t\t\t\t\t\t<div class=\"elementor-button-wrapper\">\n\t\t\t\t\t<a class=\"elementor-button elementor-button-link elementor-size-sm\" href=\"#\">\n\t\t\t\t\t\t<span class=\"elementor-button-content-wrapper\">\n\t\t\t\t\t\t\t\t\t<span class=\"elementor-button-text\">Pol\u00edticas de Cookies<\/span>\n\t\t\t\t\t<\/span>\n\t\t\t\t\t<\/a>\n\t\t\t\t<\/div>\n\t\t\t\t\t\t\t\t<\/div>\n\t\t\t\t<\/div>\n\t\t\t\t<div class=\"elementor-element elementor-element-9b9896b elementor-widget elementor-widget-text-editor\" data-id=\"9b9896b\" data-element_type=\"widget\" data-e-type=\"widget\" data-widget_type=\"text-editor.default\">\n\t\t\t\t<div class=\"elementor-widget-container\">\n\t\t\t\t\t\t\t\t\t\n<div id=\"wa-row-l5slqgl261bs1k\" class=\"row row-align  \">\n<div class=\" col-xs-12 col-sm-12 col-md-12 col-lg-12 \">\n<div id=\"wa-comptext-padwrapper-l5slqgl26w1inc\" class=\"wa-comptext-padwrapper \">\n<div id=\"wa-comptext-l5slqgl26w1inc\" class=\"wa-comptext wafxWow fadeIn clearfix\">\n<p><strong>1.1<\/strong>\u00a0Tecnologias como cookies, pixel tags, identificadores de dispositivo ou outros e armazenamento local (&#8220;Cookies e tecnologias semelhantes&#8221;) s\u00e3o usadas durante a sua navega\u00e7\u00e3o no site para transmitir, proteger e entender Servi\u00e7os e an\u00fancios, dentro e fora dos Servi\u00e7os.<\/p>\n<p><strong>1.1.1<\/strong>\u00a0Cookies s\u00e3o pequenos arquivos armazenados no navegador do Usu\u00e1rio, celular ou outro dispositivo. Pixel tags (tamb\u00e9m conhecidos como GIFs limpos, web beacons ou pixels) s\u00e3o pequenos blocos de c\u00f3digo em uma p\u00e1gina da web que permitem que elas realizem a\u00e7\u00f5es como ler e armazenar cookies e transmitir informa\u00e7\u00f5es para os parceiros. A conex\u00e3o resultante pode incluir informa\u00e7\u00f5es como o endere\u00e7o de IP de um dispositivo, a hora em que uma pessoa visualizou o pixel, um identificador associado ao navegador ou dispositivo e o tipo de navegador em uso.<\/p>\n<p><strong>1.1.2<\/strong>\u00a0Armazenamento local \u00e9 uma tecnologia padr\u00e3o da ind\u00fastria que permite que um site ou aplicativo armazene e recupere dados do computador, celular ou outro dispositivo de uma pessoa. Alguns exemplos incluem dispositivos ou armazenamento local HTML5 e caching.<\/p>\n<p><strong>1.2<\/strong>\u00a0Essas tecnologias poder\u00e3o ser usadas, entre outros, para permitir que nos\u00a0e nossos parceiros apresentem os conte\u00fados e ofertas mais relevantes para voc\u00ea, aprimorar os Servi\u00e7os e ajudar a manter estes Servi\u00e7os seguros.<\/p>\n<p><strong>1.3<\/strong>\u00a0Os nomes espec\u00edficos dos Cookies e tecnologias semelhantes usados podem variar na medida em que os Servi\u00e7os s\u00e3o melhorados e atualizados, mas eles geralmente se restringem \u00e0s categorias de uso abaixo:<\/p>\n<\/div>\n<\/div>\n<\/div>\n<\/div>\n\t\t\t\t\t\t\t\t<\/div>\n\t\t\t\t<\/div>\n\t\t\t\t<div class=\"elementor-element elementor-element-1016292 elementor-widget elementor-widget-text-editor\" data-id=\"1016292\" data-element_type=\"widget\" data-e-type=\"widget\" data-widget_type=\"text-editor.default\">\n\t\t\t\t<div class=\"elementor-widget-container\">\n\t\t\t\t\t\t\t\t\t\n<div id=\"wa-row-l5slqgl261bs1k\" class=\"row row-align  \">\n<div class=\" col-xs-12 col-sm-12 col-md-12 col-lg-12 \">\n<div id=\"wa-comptext-padwrapper-l5slqgl26w1inc\" class=\"wa-comptext-padwrapper \">\n<div id=\"wa-comptext-l5slqgl26w1inc\" class=\"wa-comptext wafxWow fadeIn clearfix\">\n<p><strong>Autentica\u00e7\u00e3o:<\/strong>\u00a0Respons\u00e1vel por auxiliar a manter a seguran\u00e7a dos Servi\u00e7os, oferecendo suporte ou ativando recursos de seguran\u00e7a e ajudando a detectar atividades que violam os Termos de Uso.<\/p>\n<p><strong>Seguran\u00e7a e integridade do site<\/strong>:\u00a0Respons\u00e1vel por indicar que voc\u00ea est\u00e1 conectado(a), para que seja poss\u00edvel oferecer a voc\u00ea os recursos apropriados, bem como para entender como voc\u00ea usa os Servi\u00e7os do nosso site.<\/p>\n<p><strong>An\u00fancios, ideias e medi\u00e7\u00e3o<\/strong>:\u00a0Respons\u00e1vel por analisar comportamento de navega\u00e7\u00e3o e veicular an\u00fancios, torn\u00e1-los mais relevantes para voc\u00ea e analisar Servi\u00e7os e o seu uso. Por exemplo, \u00e9 poss\u00edvel utilizar um cookie para descobrir se algu\u00e9m a quem um an\u00fancio tenha sido veiculado faz uma compra no site do anunciante ou instala o aplicativo anunciado posteriormente. Da mesma forma, parceiros podem usar cookies ou outras tecnologias semelhantes para determinar se nosso site\u00a0exibiu um de seus an\u00fancios e qual foi o seu desempenho, ou informar como voc\u00ea interage com ele.<\/p>\n<p><strong>Recursos e servi\u00e7os do site<\/strong>: Respons\u00e1vel por ajudar a fornecer produtos e servi\u00e7os, por exemplo, quando voc\u00ea viu ou interagiu com conte\u00fado dos Servi\u00e7os, e fornecer a ele outros plug-ins sociais, outras experi\u00eancias e conte\u00fados personalizados ou fazer sugest\u00f5es.<\/p>\n<p><strong>Desempenho<\/strong>:\u00a0Respons\u00e1vel por proporcionar a melhor experi\u00eancia poss\u00edvel, por exemplo, ajudando a rotear o tr\u00e1fego entre servidores e perceber com que velocidade os Servi\u00e7os\u00a0do nosso site\u00a0s\u00e3o carregados para diferentes pessoas. Ocasionalmente, poder\u00e3o ser armazenadas informa\u00e7\u00f5es no seu navegador ou dispositivo para que os recursos em uso carreguem e respondam rapidamente.<\/p>\n<p><strong>An\u00e1lises e pesquisas<\/strong>:\u00a0O objetivo \u00e9 entender, aprimorar e pesquisar Servi\u00e7os, incluindo quando voc\u00ea acessa o nosso site ou outros sites e aplicativos a partir do computador ou dispositivo m\u00f3vel. Por exemplo, \u00e9 poss\u00edvel utilizar Cookies ou tecnologias semelhantes (incluindo informa\u00e7\u00f5es do seu dispositivo) para entender como voc\u00ea est\u00e1 usando plug-ins sociais e melhor\u00e1-los, podendo ser compartilhadas informa\u00e7\u00f5es sobre essa an\u00e1lise com os parceiros da da nossa empresa.<\/p>\n<\/div>\n<\/div>\n<\/div>\n<\/div>\n\t\t\t\t\t\t\t\t<\/div>\n\t\t\t\t<\/div>\n\t\t\t\t<div class=\"elementor-element elementor-element-b61ea8d elementor-widget elementor-widget-text-editor\" data-id=\"b61ea8d\" data-element_type=\"widget\" data-e-type=\"widget\" data-widget_type=\"text-editor.default\">\n\t\t\t\t<div class=\"elementor-widget-container\">\n\t\t\t\t\t\t\t\t\t\n<div id=\"wa-row-l5slqgl261bs1k\" class=\"row row-align  \">\n<div class=\" col-xs-12 col-sm-12 col-md-12 col-lg-12 \">\n<div id=\"wa-comptext-padwrapper-l5slqgl26w1inc\" class=\"wa-comptext-padwrapper \">\n<div id=\"wa-comptext-l5slqgl26w1inc\" class=\"wa-comptext wafxWow fadeIn clearfix\">\n<p><strong>1.4<\/strong>\u00a0\u00c9 poss\u00edvel que voc\u00ea gerencie prefer\u00eancias de Cookies e outras tecnologias semelhantes a partir da configura\u00e7\u00e3o de seu navegador, recusando ou excluindo alguns deles. No entanto, essa op\u00e7\u00e3o poder\u00e1 comprometer os Servi\u00e7os do nosso site ou impedir o funcionamento de determinadas funcionalidades que integram os Servi\u00e7os.<\/p>\n<\/div>\n<\/div>\n<\/div>\n<\/div>\n\t\t\t\t\t\t\t\t<\/div>\n\t\t\t\t<\/div>\n\t\t\t\t\t<\/div>\n\t\t\t\t<\/div>\n\t\t\t\t<section class=\"elementor-section elementor-top-section elementor-element elementor-element-1c3bc47 elementor-section-height-min-height elementor-section-boxed elementor-section-height-default elementor-section-items-middle\" data-id=\"1c3bc47\" data-element_type=\"section\" data-e-type=\"section\" data-settings=\"{&quot;background_background&quot;:&quot;classic&quot;,&quot;_ha_eqh_enable&quot;:false}\">\n\t\t\t\t\t\t<div class=\"elementor-container elementor-column-gap-default\">\n\t\t\t\t\t<div class=\"elementor-column elementor-col-33 elementor-top-column elementor-element elementor-element-ceadb36\" data-id=\"ceadb36\" data-element_type=\"column\" data-e-type=\"column\">\n\t\t\t<div class=\"elementor-widget-wrap elementor-element-populated\">\n\t\t\t\t\t\t<div class=\"elementor-element elementor-element-c3d2c02 elementor-shape-square e-grid-align-left e-grid-align-mobile-center elementor-grid-0 elementor-widget elementor-widget-social-icons\" data-id=\"c3d2c02\" data-element_type=\"widget\" data-e-type=\"widget\" data-widget_type=\"social-icons.default\">\n\t\t\t\t<div class=\"elementor-widget-container\">\n\t\t\t\t\t\t\t<div class=\"elementor-social-icons-wrapper elementor-grid\" role=\"list\">\n\t\t\t\t\t\t\t<span class=\"elementor-grid-item\" role=\"listitem\">\n\t\t\t\t\t<a class=\"elementor-icon elementor-social-icon elementor-social-icon-instagram elementor-repeater-item-f12c568\" href=\"https:\/\/www.instagram.com\/jdxvidaesaude\/\" target=\"_blank\">\n\t\t\t\t\t\t<span class=\"elementor-screen-only\">Instagram<\/span>\n\t\t\t\t\t\t<svg aria-hidden=\"true\" class=\"e-font-icon-svg e-fab-instagram\" viewBox=\"0 0 448 512\" xmlns=\"http:\/\/www.w3.org\/2000\/svg\"><path d=\"M224.1 141c-63.6 0-114.9 51.3-114.9 114.9s51.3 114.9 114.9 114.9S339 319.5 339 255.9 287.7 141 224.1 141zm0 189.6c-41.1 0-74.7-33.5-74.7-74.7s33.5-74.7 74.7-74.7 74.7 33.5 74.7 74.7-33.6 74.7-74.7 74.7zm146.4-194.3c0 14.9-12 26.8-26.8 26.8-14.9 0-26.8-12-26.8-26.8s12-26.8 26.8-26.8 26.8 12 26.8 26.8zm76.1 27.2c-1.7-35.9-9.9-67.7-36.2-93.9-26.2-26.2-58-34.4-93.9-36.2-37-2.1-147.9-2.1-184.9 0-35.8 1.7-67.6 9.9-93.9 36.1s-34.4 58-36.2 93.9c-2.1 37-2.1 147.9 0 184.9 1.7 35.9 9.9 67.7 36.2 93.9s58 34.4 93.9 36.2c37 2.1 147.9 2.1 184.9 0 35.9-1.7 67.7-9.9 93.9-36.2 26.2-26.2 34.4-58 36.2-93.9 2.1-37 2.1-147.8 0-184.8zM398.8 388c-7.8 19.6-22.9 34.7-42.6 42.6-29.5 11.7-99.5 9-132.1 9s-102.7 2.6-132.1-9c-19.6-7.8-34.7-22.9-42.6-42.6-11.7-29.5-9-99.5-9-132.1s-2.6-102.7 9-132.1c7.8-19.6 22.9-34.7 42.6-42.6 29.5-11.7 99.5-9 132.1-9s102.7-2.6 132.1 9c19.6 7.8 34.7 22.9 42.6 42.6 11.7 29.5 9 99.5 9 132.1s2.7 102.7-9 132.1z\"><\/path><\/svg>\t\t\t\t\t<\/a>\n\t\t\t\t<\/span>\n\t\t\t\t\t\t\t<span class=\"elementor-grid-item\" role=\"listitem\">\n\t\t\t\t\t<a class=\"elementor-icon elementor-social-icon elementor-social-icon-facebook elementor-repeater-item-6cd3df0\" href=\"https:\/\/www.facebook.com\/jdxvidaesaude\/\" target=\"_blank\">\n\t\t\t\t\t\t<span class=\"elementor-screen-only\">Facebook<\/span>\n\t\t\t\t\t\t<svg aria-hidden=\"true\" class=\"e-font-icon-svg e-fab-facebook\" viewBox=\"0 0 512 512\" xmlns=\"http:\/\/www.w3.org\/2000\/svg\"><path d=\"M504 256C504 119 393 8 256 8S8 119 8 256c0 123.78 90.69 226.38 209.25 245V327.69h-63V256h63v-54.64c0-62.15 37-96.48 93.67-96.48 27.14 0 55.52 4.84 55.52 4.84v61h-31.28c-30.8 0-40.41 19.12-40.41 38.73V256h68.78l-11 71.69h-57.78V501C413.31 482.38 504 379.78 504 256z\"><\/path><\/svg>\t\t\t\t\t<\/a>\n\t\t\t\t<\/span>\n\t\t\t\t\t\t\t<span class=\"elementor-grid-item\" role=\"listitem\">\n\t\t\t\t\t<a class=\"elementor-icon elementor-social-icon elementor-social-icon-linkedin elementor-repeater-item-a24afde\" href=\"https:\/\/www.linkedin.com\/company\/jdx-vida-e-sa%C3%BAde\/\" target=\"_blank\">\n\t\t\t\t\t\t<span class=\"elementor-screen-only\">Linkedin<\/span>\n\t\t\t\t\t\t<svg aria-hidden=\"true\" class=\"e-font-icon-svg e-fab-linkedin\" viewBox=\"0 0 448 512\" xmlns=\"http:\/\/www.w3.org\/2000\/svg\"><path d=\"M416 32H31.9C14.3 32 0 46.5 0 64.3v383.4C0 465.5 14.3 480 31.9 480H416c17.6 0 32-14.5 32-32.3V64.3c0-17.8-14.4-32.3-32-32.3zM135.4 416H69V202.2h66.5V416zm-33.2-243c-21.3 0-38.5-17.3-38.5-38.5S80.9 96 102.2 96c21.2 0 38.5 17.3 38.5 38.5 0 21.3-17.2 38.5-38.5 38.5zm282.1 243h-66.4V312c0-24.8-.5-56.7-34.5-56.7-34.6 0-39.9 27-39.9 54.9V416h-66.4V202.2h63.7v29.2h.9c8.9-16.8 30.6-34.5 62.9-34.5 67.2 0 79.7 44.3 79.7 101.9V416z\"><\/path><\/svg>\t\t\t\t\t<\/a>\n\t\t\t\t<\/span>\n\t\t\t\t\t<\/div>\n\t\t\t\t\t\t<\/div>\n\t\t\t\t<\/div>\n\t\t\t\t<div class=\"elementor-element elementor-element-9cfba32 elementor-widget elementor-widget-image-box\" data-id=\"9cfba32\" data-element_type=\"widget\" data-e-type=\"widget\" data-widget_type=\"image-box.default\">\n\t\t\t\t<div class=\"elementor-widget-container\">\n\t\t\t\t\t<div class=\"elementor-image-box-wrapper\"><div class=\"elementor-image-box-content\"><div class=\"elementor-image-box-title\">Copyright \u00a9 2024 JDX Vida e Sa\u00fade<\/div><p class=\"elementor-image-box-description\">Todos os direitos reservados.<\/p><\/div><\/div>\t\t\t\t<\/div>\n\t\t\t\t<\/div>\n\t\t\t\t\t<\/div>\n\t\t<\/div>\n\t\t\t\t<div class=\"elementor-column elementor-col-33 elementor-top-column elementor-element elementor-element-23e0dcf\" data-id=\"23e0dcf\" data-element_type=\"column\" data-e-type=\"column\">\n\t\t\t<div class=\"elementor-widget-wrap elementor-element-populated\">\n\t\t\t\t\t\t<div class=\"elementor-element elementor-element-f0702a9 elementor-widget elementor-widget-image\" data-id=\"f0702a9\" data-element_type=\"widget\" data-e-type=\"widget\" data-widget_type=\"image.default\">\n\t\t\t\t<div class=\"elementor-widget-container\">\n\t\t\t\t\t\t\t\t\t\t\t\t\t\t\t\t<a href=\"https:\/\/jdxvidaesaude.com.br\/\">\n\t\t\t\t\t\t\t<img fetchpriority=\"high\" decoding=\"async\" width=\"300\" height=\"211\" src=\"https:\/\/jdxvidaesaude.com.br\/saude\/wp-content\/uploads\/2024\/10\/jdx_logotipo_completo_branco-300x211.webp\" class=\"attachment-medium size-medium wp-image-1397\" alt=\"\" srcset=\"https:\/\/jdxvidaesaude.com.br\/saude\/wp-content\/uploads\/2024\/10\/jdx_logotipo_completo_branco-300x211.webp 300w, https:\/\/jdxvidaesaude.com.br\/saude\/wp-content\/uploads\/2024\/10\/jdx_logotipo_completo_branco.webp 500w\" sizes=\"(max-width: 300px) 100vw, 300px\" \/>\t\t\t\t\t\t\t\t<\/a>\n\t\t\t\t\t\t\t\t\t\t\t\t\t\t\t<\/div>\n\t\t\t\t<\/div>\n\t\t\t\t\t<\/div>\n\t\t<\/div>\n\t\t\t\t<div class=\"elementor-column elementor-col-33 elementor-top-column elementor-element elementor-element-947fe48\" data-id=\"947fe48\" data-element_type=\"column\" data-e-type=\"column\">\n\t\t\t<div class=\"elementor-widget-wrap elementor-element-populated\">\n\t\t\t\t\t\t<div class=\"elementor-element elementor-element-a6d0bd8 elementor-widget elementor-widget-image-box\" data-id=\"a6d0bd8\" data-element_type=\"widget\" data-e-type=\"widget\" data-widget_type=\"image-box.default\">\n\t\t\t\t<div class=\"elementor-widget-container\">\n\t\t\t\t\t<div class=\"elementor-image-box-wrapper\"><div class=\"elementor-image-box-content\"><div class=\"elementor-image-box-title\"><a href=\"\/saude\/politica-privacidade\/\"><b>Pol\u00edtica de Privacidade<\/b><\/a><\/div><\/div><\/div>\t\t\t\t<\/div>\n\t\t\t\t<\/div>\n\t\t\t\t<div class=\"elementor-element elementor-element-0b0d707 elementor-widget elementor-widget-image-box\" data-id=\"0b0d707\" data-element_type=\"widget\" data-e-type=\"widget\" data-widget_type=\"image-box.default\">\n\t\t\t\t<div class=\"elementor-widget-container\">\n\t\t\t\t\t<div class=\"elementor-image-box-wrapper\"><div class=\"elementor-image-box-content\"><div class=\"elementor-image-box-title\"><a href=\"\/saude\/politica-cookies\"><b>Pol\u00edtica de Cookies<\/b><\/a><\/div><\/div><\/div>\t\t\t\t<\/div>\n\t\t\t\t<\/div>\n\t\t\t\t\t<\/div>\n\t\t<\/div>\n\t\t\t\t\t<\/div>\n\t\t<\/section>\n\t\t\t\t<\/div>\n\t\t","protected":false},"excerpt":{"rendered":"<p>Pol\u00edticas de Cookies 1.1\u00a0Tecnologias como cookies, pixel tags, identificadores de dispositivo ou outros e armazenamento local (&#8220;Cookies e tecnologias semelhantes&#8221;) s\u00e3o usadas durante a sua navega\u00e7\u00e3o no site para transmitir, proteger e entender Servi\u00e7os e an\u00fancios, dentro e fora dos Servi\u00e7os. 1.1.1\u00a0Cookies s\u00e3o pequenos arquivos armazenados no navegador do Usu\u00e1rio, celular ou outro dispositivo. Pixel [&hellip;]<\/p>\n","protected":false},"author":1,"featured_media":0,"parent":0,"menu_order":0,"comment_status":"closed","ping_status":"closed","template":"elementor_canvas","meta":{"footnotes":""},"class_list":["post-762","page","type-page","status-publish","hentry"],"_links":{"self":[{"href":"https:\/\/jdxvidaesaude.com.br\/saude\/wp-json\/wp\/v2\/pages\/762","targetHints":{"allow":["GET"]}}],"collection":[{"href":"https:\/\/jdxvidaesaude.com.br\/saude\/wp-json\/wp\/v2\/pages"}],"about":[{"href":"https:\/\/jdxvidaesaude.com.br\/saude\/wp-json\/wp\/v2\/types\/page"}],"author":[{"embeddable":true,"href":"https:\/\/jdxvidaesaude.com.br\/saude\/wp-json\/wp\/v2\/users\/1"}],"replies":[{"embeddable":true,"href":"https:\/\/jdxvidaesaude.com.br\/saude\/wp-json\/wp\/v2\/comments?post=762"}],"version-history":[{"count":25,"href":"https:\/\/jdxvidaesaude.com.br\/saude\/wp-json\/wp\/v2\/pages\/762\/revisions"}],"predecessor-version":[{"id":1445,"href":"https:\/\/jdxvidaesaude.com.br\/saude\/wp-json\/wp\/v2\/pages\/762\/revisions\/1445"}],"wp:attachment":[{"href":"https:\/\/jdxvidaesaude.com.br\/saude\/wp-json\/wp\/v2\/media?parent=762"}],"curies":[{"name":"wp","href":"https:\/\/api.w.org\/{rel}","templated":true}]}}