{"id":3,"date":"2024-02-06T09:00:03","date_gmt":"2024-02-06T12:00:03","guid":{"rendered":"https:\/\/jdxvidaesaude.com.br\/saude\/?page_id=3"},"modified":"2024-10-30T21:58:16","modified_gmt":"2024-10-31T00:58:16","slug":"politica-privacidade","status":"publish","type":"page","link":"https:\/\/jdxvidaesaude.com.br\/saude\/politica-privacidade\/","title":{"rendered":"Pol\u00edtica de Privacidade"},"content":{"rendered":"\t\t<div data-elementor-type=\"wp-page\" data-elementor-id=\"3\" class=\"elementor elementor-3\" data-elementor-settings=\"{&quot;ha_cmc_init_switcher&quot;:&quot;no&quot;}\" data-elementor-post-type=\"page\">\n\t\t\t\t<div class=\"elementor-element elementor-element-17a6b90c e-flex e-con-boxed e-con e-parent\" data-id=\"17a6b90c\" data-element_type=\"container\" data-e-type=\"container\" data-settings=\"{&quot;_ha_eqh_enable&quot;:false}\">\n\t\t\t\t\t<div class=\"e-con-inner\">\n\t\t\t\t<div class=\"elementor-element elementor-element-17c549f elementor-button-info elementor-widget elementor-widget-button\" data-id=\"17c549f\" data-element_type=\"widget\" data-e-type=\"widget\" data-widget_type=\"button.default\">\n\t\t\t\t<div class=\"elementor-widget-container\">\n\t\t\t\t\t\t\t\t\t<div class=\"elementor-button-wrapper\">\n\t\t\t\t\t<a class=\"elementor-button elementor-button-link elementor-size-sm\" href=\"#\">\n\t\t\t\t\t\t<span class=\"elementor-button-content-wrapper\">\n\t\t\t\t\t\t\t\t\t<span class=\"elementor-button-text\">Pol\u00edticas de Privacidade<\/span>\n\t\t\t\t\t<\/span>\n\t\t\t\t\t<\/a>\n\t\t\t\t<\/div>\n\t\t\t\t\t\t\t\t<\/div>\n\t\t\t\t<\/div>\n\t\t\t\t<div class=\"elementor-element elementor-element-9b9896b elementor-widget elementor-widget-text-editor\" data-id=\"9b9896b\" data-element_type=\"widget\" data-e-type=\"widget\" data-widget_type=\"text-editor.default\">\n\t\t\t\t<div class=\"elementor-widget-container\">\n\t\t\t\t\t\t\t\t\t\n<p>Esta Pol\u00edtica de Privacidade tem como objetivo informar voc\u00ea (doravante \u201cUsu\u00e1rio\u201d), que acessa a p\u00e1gina da <b>JDX CORRETORA DE SEGUROS LTDA<\/b>\u00a0na Internet, quais informa\u00e7\u00f5es s\u00e3o coletadas, como elas s\u00e3o tratadas, bem como as formas de compartilhamento e de exclus\u00e3o desses dados.\u00a0<\/p>\n<p>A presente Pol\u00edtica de Privacidade \u00e9 aplic\u00e1vel ao presente site da <b>JDX CORRETORA DE SEGUROS LTDA<\/b>.<\/p>\n<p>Com a aceita\u00e7\u00e3o desta Pol\u00edtica de Privacidade pelo Usu\u00e1rio, este concorda e permite o acesso as suas informa\u00e7\u00f5es a partir do seu primeiro acesso ao site.\u00a0Caso reste alguma d\u00favida, ap\u00f3s a leitura desta Pol\u00edtica de Privacidade, entre em contato conosco,\u00a0<strong>entre em contato<\/strong>.<\/p>\n<p><strong>1) Quais informa\u00e7\u00f5es coletamos:<\/strong><\/p>\n<p>Para os fins desta Pol\u00edtica de Privacidade, aplicam-se as seguintes defini\u00e7\u00f5es:<\/p>\n<p>N\u00f3s\u00a0coletamos todas as informa\u00e7\u00f5es inseridas pelo Usu\u00e1rio quando de sua utiliza\u00e7\u00e3o do Site, como, por exemplo, no preenchimento dos formul\u00e1rios que disponibilizamos no Site, bem como na realiza\u00e7\u00e3o de cadastros ou eventuais coment\u00e1rios. Em s\u00edntese, s\u00e3o todas as informa\u00e7\u00f5es ativamente disponibilizadas pelo Usu\u00e1rio na utiliza\u00e7\u00e3o do Site.<\/p>\n<p>N\u00f3s tamb\u00e9m coletamos informa\u00e7\u00f5es automaticamente quando o Usu\u00e1rio acessa o Site, tais como caracter\u00edsticas do dispositivo, do navegador, Protocolo de Internet (IP, com data e hora), origem do IP, informa\u00e7\u00f5es sobre cliques, p\u00e1ginas acessadas, as p\u00e1ginas seguintes acessadas ap\u00f3s a sa\u00edda do Site, ou qualquer termo de busca digitado no Site ou em refer\u00eancia a esse, dentre outros. Tamb\u00e9m podemos utilizar outras tecnologias, como cookies, pixel tags, beacons e local shared objects, para coletar informa\u00e7\u00f5es do Usu\u00e1rio e melhorar sua experi\u00eancia de navega\u00e7\u00e3o.<\/p>\n<p>\u00c9 facultado ao Usu\u00e1rio bloquear a coleta de alguns tipos de informa\u00e7\u00f5es, tais como cookies. Caso essa configura\u00e7\u00e3o seja implementada, no entanto, \u00e9 poss\u00edvel que algumas ferramentas ou tecnologias oferecidas pelo Site n\u00e3o funcionem corretamente.<\/p>\n<p>Assim, o Usu\u00e1rio desde j\u00e1 se encontra ciente acerca das informa\u00e7\u00f5es coletadas pelo Site e expressa consentimento livre, expresso e informado com rela\u00e7\u00e3o \u00e0 coleta de tais informa\u00e7\u00f5es.<\/p>\n<p><strong>2. Como utilizamos as informa\u00e7\u00f5es coletadas\u00a0<\/strong><\/p>\n<p>As informa\u00e7\u00f5es coletadas por meio do Site ser\u00e3o utilizadas para:<\/p>\n<p>1.\u00a0O fornecimento de produtos ou servi\u00e7os solicitados no Site.<\/p>\n<p>2.\u00a0Facilitar a identifica\u00e7\u00e3o do perfil e necessidades dos Usu\u00e1rios, a fim de aprimorar a oferta de produtos e\/ou servi\u00e7os.<\/p>\n<p>3.\u00a0Enviar informativos sobre produtos e\/ou servi\u00e7os de interesse aos usu\u00e1rios.<\/p>\n<p>4.\u00a0Divulgar altera\u00e7\u00f5es, inova\u00e7\u00f5es ou promo\u00e7\u00f5es sobre os produtos e servi\u00e7os.<\/p>\n<p>5.\u00a0Ofertar produtos e servi\u00e7os da nossa empresa.<\/p>\n<p>Utilizamos em nosso Site recursos de campanhas de publicidade baseadas em interesses, listas de remarketing, informa\u00e7\u00f5es demogr\u00e1ficas e de local de destino. As campanhas de publicidade n\u00e3o associam identifica\u00e7\u00f5es individuais \u00e0s listas de remarketing, cookies, dados de feeds ou outros identificadores an\u00f4nimos. Da mesma forma, os recursos aplicados em campanhas n\u00e3o s\u00e3o associados a informa\u00e7\u00f5es coletadas na p\u00e1gina de nosso site e an\u00fancios. Ainda, as informa\u00e7\u00f5es de identifica\u00e7\u00e3o individual n\u00e3o s\u00e3o compartilhadas com nenhum Site ou parceiro por meio da tag de remarketing ou qualquer feed de dados que possam estar associados aos nossos an\u00fancios.<\/p>\n<p>O Usu\u00e1rio d\u00e1 o consentimento livre, expresso e informado para que utilizemos as informa\u00e7\u00f5es coletadas por meio do Site para fins publicit\u00e1rios, dentro do pr\u00f3prio Site e por meio das informa\u00e7\u00f5es de contato fornecidas pelo Usu\u00e1rio no Site, nos termos descritos nesta Pol\u00edtica de Privacidade.<\/p>\n<p>Caso n\u00e3o deseje mais receber informativos publicit\u00e1rios, envie um e-mail para\u00a0n\u00f3s,\u00a0<strong>entre em contato<\/strong>.<\/p>\n<p>\u00c9, ainda, importante atentar que o Site pode conter links para outras p\u00e1ginas, como redes sociais ou lojas virtuais, entre outras, que possuem Pol\u00edtica de Privacidade com previs\u00f5es diversas das deste documento. Dessa forma, n\u00e3o se responsabiliza pela coleta, utiliza\u00e7\u00e3o, compartilhamento e armazenamento de dados dos Usu\u00e1rios pelos respons\u00e1veis por tais p\u00e1ginas.<\/p>\n<p><strong>3. Com quem compartilhamos as informa\u00e7\u00f5es coletadas\u00a0<\/strong><\/p>\n<p>Poderemos\u00a0compartilhar os dados em refer\u00eancia com as demais empresas de parceria e com terceiros de forma anonimizada, com o que o Usu\u00e1rio desde logo concorda expressamente, o que poder\u00e1 ocorrer especialmente nas seguintes hip\u00f3teses:<\/p>\n<p>1.\u00a0Caso a viabiliza\u00e7\u00e3o dos neg\u00f3cios e\/ou servi\u00e7os oferecidos dependa do repasse de dados a parceiros.<\/p>\n<p>2.\u00a0Para prote\u00e7\u00e3o dos interesses, em qualquer tipo de conflito, incluindo a\u00e7\u00f5es judiciais, como, mas n\u00e3o se limitando a, quando exista a necessidade de identificar ou revelar dados de Usu\u00e1rio que esteja utilizando o Site com prop\u00f3sitos il\u00edcitos.<\/p>\n<p>3.\u00a0No caso de transa\u00e7\u00f5es e altera\u00e7\u00f5es societ\u00e1rias nos envolvendo.<\/p>\n<p>4.\u00a0Mediante ordem judicial ou pelo requerimento de autoridades administrativas que detenham compet\u00eancia legal para sua requisi\u00e7\u00e3o.<\/p>\n<p><strong>4. Como armazenamos as informa\u00e7\u00f5es coletadas\u00a0<\/strong><\/p>\n<p>As informa\u00e7\u00f5es coletadas s\u00e3o tratadas como sigilosas, e qualquer funcion\u00e1rio que entre em contato com elas se comprometer\u00e1 a n\u00e3o desvirtuar sua utiliza\u00e7\u00e3o, bem como em n\u00e3o as usar de modo destoante do previsto nesta Pol\u00edtica de Privacidade. N\u00f3s\u00a0empregamos todos os esfor\u00e7os razo\u00e1veis de mercado para garantir a seguran\u00e7a de seus sistemas na guarda de referidos dados.<\/p>\n<p>Para que tais medidas se tornem vi\u00e1veis tomamos as seguintes precau\u00e7\u00f5es:<\/p>\n<p>1. Utilizamos os m\u00e9todos padr\u00f5es e de mercado para anonimizar os dados coletados.<\/p>\n<p>2.\u00a0Possu\u00edmos software de prote\u00e7\u00e3o contra acesso n\u00e3o autorizado aos nossos sistemas.<\/p>\n<p>3.\u00a0Somente autorizamos o acesso de pessoas previamente estabelecidas aos locais onde armazenamos as informa\u00e7\u00f5es.<\/p>\n<p>4.\u00a0Aqueles que entrarem em contato com as informa\u00e7\u00f5es dever\u00e3o se comprometer a manter sigilo absoluto. A quebra do sigilo acarretar\u00e1 responsabilidade civil e o respons\u00e1vel ser\u00e1 processado nos moldes da legisla\u00e7\u00e3o brasileira.<\/p>\n<p>Esta Pol\u00edtica de Privacidade representa nossos esfor\u00e7os no sentido de resguardar as informa\u00e7\u00f5es dos Usu\u00e1rios que acessam nosso\u00a0Site. No entanto, em raz\u00e3o da pr\u00f3pria natureza da Internet, n\u00e3o \u00e9 poss\u00edvel garantir que terceiros mal intencionados n\u00e3o logrem sucesso em acessar indevidamente as informa\u00e7\u00f5es armazenadas por n\u00f3s.<\/p>\n<p><strong>5. Quando exclu\u00edmos as informa\u00e7\u00f5es\u00a0<\/strong><\/p>\n<p>As informa\u00e7\u00f5es referidas na presente Pol\u00edtica de Privacidade ser\u00e3o automaticamente exclu\u00eddas quando deixarem de ser \u00fateis aos prop\u00f3sitos para os quais foram coletadas.<\/p>\n<p>No entanto, caso o Usu\u00e1rio deseje antecipar essa exclus\u00e3o, poder\u00e1 requer\u00ea-la atrav\u00e9s de e-mail ou telefone. Em tal circunst\u00e2ncia, empreenderemos os melhores esfor\u00e7os para atender a todos os pedidos no menor espa\u00e7o de tempo poss\u00edvel.<\/p>\n<p>Por\u00e9m, o Usu\u00e1rio deve estar ciente de que, mesmo em caso de requisi\u00e7\u00e3o de exclus\u00e3o, respeitaremos o prazo de armazenamento m\u00ednimo de informa\u00e7\u00f5es determinado pela legisla\u00e7\u00e3o brasileira.<\/p>\n<p><strong>6. Responsabilidades do usu\u00e1rio\u00a0<\/strong><\/p>\n<p>O Usu\u00e1rio declara-se ciente, desde j\u00e1, que \u00e9 de sua exclusiva responsabilidade:<\/p>\n<p>1.\u00a0Inserir apenas informa\u00e7\u00f5es verdadeiras\u00a0em nosso site.<\/p>\n<p>2.\u00a0Zelar pelos dados de sua identifica\u00e7\u00e3o digital individual sempre que acessar a Internet, informando-os apenas em opera\u00e7\u00f5es em que exista a prote\u00e7\u00e3o de dados.<\/p>\n<p>3.\u00a0Cumprir rigorosamente todas as determina\u00e7\u00f5es e procedimentos previstos nesta Pol\u00edtica.<\/p>\n<p><strong>7. Atualiza\u00e7\u00e3o desta Pol\u00edtica de Privacidade\u00a0<\/strong><\/p>\n<p>Reservamo-nos o direito de alterar essa Pol\u00edtica de Privacidade sempre que necess\u00e1rio, com o fito de fornecer maior seguran\u00e7a e praticidade ao Usu\u00e1rio. Por isso, \u00e9 importante que o Usu\u00e1rio leia a Pol\u00edtica de Privacidade a cada novo acesso ao Site.<\/p>\n<p><strong>8. Legisla\u00e7\u00e3o e foro competentes\u00a0<\/strong><\/p>\n<p>Esta Pol\u00edtica de Privacidade ser\u00e1 regida, interpretada e executada de acordo com as leis da Rep\u00fablica Federativa do Brasil, independentemente dos conflitos dessas leis com leis de outros estados ou pa\u00edses, sendo competente o Foro do local de resid\u00eancia do Usu\u00e1rio, no Brasil, para dirimir qualquer d\u00favida decorrente deste instrumento. O Usu\u00e1rio consente, expressamente, com a compet\u00eancia desse ju\u00edzo, e renuncia, neste ato, \u00e0 compet\u00eancia de qualquer outro foro, por mais privilegiado que seja ou venha a ser.<\/p>\n\t\t\t\t\t\t\t\t<\/div>\n\t\t\t\t<\/div>\n\t\t\t\t\t<\/div>\n\t\t\t\t<\/div>\n\t\t\t\t<section class=\"elementor-section elementor-top-section elementor-element elementor-element-51ce725 elementor-section-height-min-height elementor-section-boxed elementor-section-height-default elementor-section-items-middle\" data-id=\"51ce725\" data-element_type=\"section\" data-e-type=\"section\" data-settings=\"{&quot;background_background&quot;:&quot;classic&quot;,&quot;_ha_eqh_enable&quot;:false}\">\n\t\t\t\t\t\t<div class=\"elementor-container elementor-column-gap-default\">\n\t\t\t\t\t<div class=\"elementor-column elementor-col-33 elementor-top-column elementor-element elementor-element-4ec171d\" data-id=\"4ec171d\" data-element_type=\"column\" data-e-type=\"column\">\n\t\t\t<div class=\"elementor-widget-wrap elementor-element-populated\">\n\t\t\t\t\t\t<div class=\"elementor-element elementor-element-2eb20c6 elementor-shape-square e-grid-align-left e-grid-align-mobile-center elementor-grid-0 elementor-widget elementor-widget-social-icons\" data-id=\"2eb20c6\" data-element_type=\"widget\" data-e-type=\"widget\" data-widget_type=\"social-icons.default\">\n\t\t\t\t<div class=\"elementor-widget-container\">\n\t\t\t\t\t\t\t<div class=\"elementor-social-icons-wrapper elementor-grid\" role=\"list\">\n\t\t\t\t\t\t\t<span class=\"elementor-grid-item\" role=\"listitem\">\n\t\t\t\t\t<a class=\"elementor-icon elementor-social-icon elementor-social-icon-instagram elementor-repeater-item-f12c568\" href=\"https:\/\/www.instagram.com\/jdxvidaesaude\/\" target=\"_blank\">\n\t\t\t\t\t\t<span class=\"elementor-screen-only\">Instagram<\/span>\n\t\t\t\t\t\t<svg aria-hidden=\"true\" class=\"e-font-icon-svg e-fab-instagram\" viewBox=\"0 0 448 512\" xmlns=\"http:\/\/www.w3.org\/2000\/svg\"><path d=\"M224.1 141c-63.6 0-114.9 51.3-114.9 114.9s51.3 114.9 114.9 114.9S339 319.5 339 255.9 287.7 141 224.1 141zm0 189.6c-41.1 0-74.7-33.5-74.7-74.7s33.5-74.7 74.7-74.7 74.7 33.5 74.7 74.7-33.6 74.7-74.7 74.7zm146.4-194.3c0 14.9-12 26.8-26.8 26.8-14.9 0-26.8-12-26.8-26.8s12-26.8 26.8-26.8 26.8 12 26.8 26.8zm76.1 27.2c-1.7-35.9-9.9-67.7-36.2-93.9-26.2-26.2-58-34.4-93.9-36.2-37-2.1-147.9-2.1-184.9 0-35.8 1.7-67.6 9.9-93.9 36.1s-34.4 58-36.2 93.9c-2.1 37-2.1 147.9 0 184.9 1.7 35.9 9.9 67.7 36.2 93.9s58 34.4 93.9 36.2c37 2.1 147.9 2.1 184.9 0 35.9-1.7 67.7-9.9 93.9-36.2 26.2-26.2 34.4-58 36.2-93.9 2.1-37 2.1-147.8 0-184.8zM398.8 388c-7.8 19.6-22.9 34.7-42.6 42.6-29.5 11.7-99.5 9-132.1 9s-102.7 2.6-132.1-9c-19.6-7.8-34.7-22.9-42.6-42.6-11.7-29.5-9-99.5-9-132.1s-2.6-102.7 9-132.1c7.8-19.6 22.9-34.7 42.6-42.6 29.5-11.7 99.5-9 132.1-9s102.7-2.6 132.1 9c19.6 7.8 34.7 22.9 42.6 42.6 11.7 29.5 9 99.5 9 132.1s2.7 102.7-9 132.1z\"><\/path><\/svg>\t\t\t\t\t<\/a>\n\t\t\t\t<\/span>\n\t\t\t\t\t\t\t<span class=\"elementor-grid-item\" role=\"listitem\">\n\t\t\t\t\t<a class=\"elementor-icon elementor-social-icon elementor-social-icon-facebook elementor-repeater-item-6cd3df0\" href=\"https:\/\/www.facebook.com\/jdxvidaesaude\/\" target=\"_blank\">\n\t\t\t\t\t\t<span class=\"elementor-screen-only\">Facebook<\/span>\n\t\t\t\t\t\t<svg aria-hidden=\"true\" class=\"e-font-icon-svg e-fab-facebook\" viewBox=\"0 0 512 512\" xmlns=\"http:\/\/www.w3.org\/2000\/svg\"><path d=\"M504 256C504 119 393 8 256 8S8 119 8 256c0 123.78 90.69 226.38 209.25 245V327.69h-63V256h63v-54.64c0-62.15 37-96.48 93.67-96.48 27.14 0 55.52 4.84 55.52 4.84v61h-31.28c-30.8 0-40.41 19.12-40.41 38.73V256h68.78l-11 71.69h-57.78V501C413.31 482.38 504 379.78 504 256z\"><\/path><\/svg>\t\t\t\t\t<\/a>\n\t\t\t\t<\/span>\n\t\t\t\t\t\t\t<span class=\"elementor-grid-item\" role=\"listitem\">\n\t\t\t\t\t<a class=\"elementor-icon elementor-social-icon elementor-social-icon-linkedin elementor-repeater-item-a24afde\" href=\"https:\/\/www.linkedin.com\/company\/jdx-vida-e-sa%C3%BAde\/\" target=\"_blank\">\n\t\t\t\t\t\t<span class=\"elementor-screen-only\">Linkedin<\/span>\n\t\t\t\t\t\t<svg aria-hidden=\"true\" class=\"e-font-icon-svg e-fab-linkedin\" viewBox=\"0 0 448 512\" xmlns=\"http:\/\/www.w3.org\/2000\/svg\"><path d=\"M416 32H31.9C14.3 32 0 46.5 0 64.3v383.4C0 465.5 14.3 480 31.9 480H416c17.6 0 32-14.5 32-32.3V64.3c0-17.8-14.4-32.3-32-32.3zM135.4 416H69V202.2h66.5V416zm-33.2-243c-21.3 0-38.5-17.3-38.5-38.5S80.9 96 102.2 96c21.2 0 38.5 17.3 38.5 38.5 0 21.3-17.2 38.5-38.5 38.5zm282.1 243h-66.4V312c0-24.8-.5-56.7-34.5-56.7-34.6 0-39.9 27-39.9 54.9V416h-66.4V202.2h63.7v29.2h.9c8.9-16.8 30.6-34.5 62.9-34.5 67.2 0 79.7 44.3 79.7 101.9V416z\"><\/path><\/svg>\t\t\t\t\t<\/a>\n\t\t\t\t<\/span>\n\t\t\t\t\t<\/div>\n\t\t\t\t\t\t<\/div>\n\t\t\t\t<\/div>\n\t\t\t\t<div class=\"elementor-element elementor-element-58e9847 elementor-widget elementor-widget-image-box\" data-id=\"58e9847\" data-element_type=\"widget\" data-e-type=\"widget\" data-widget_type=\"image-box.default\">\n\t\t\t\t<div class=\"elementor-widget-container\">\n\t\t\t\t\t<div class=\"elementor-image-box-wrapper\"><div class=\"elementor-image-box-content\"><div class=\"elementor-image-box-title\">Copyright \u00a9 2024 JDX Vida e Sa\u00fade<\/div><p class=\"elementor-image-box-description\">Todos os direitos reservados.<\/p><\/div><\/div>\t\t\t\t<\/div>\n\t\t\t\t<\/div>\n\t\t\t\t\t<\/div>\n\t\t<\/div>\n\t\t\t\t<div class=\"elementor-column elementor-col-33 elementor-top-column elementor-element elementor-element-5487404\" data-id=\"5487404\" data-element_type=\"column\" data-e-type=\"column\">\n\t\t\t<div class=\"elementor-widget-wrap elementor-element-populated\">\n\t\t\t\t\t\t<div class=\"elementor-element elementor-element-9541153 elementor-widget elementor-widget-image\" data-id=\"9541153\" data-element_type=\"widget\" data-e-type=\"widget\" data-widget_type=\"image.default\">\n\t\t\t\t<div class=\"elementor-widget-container\">\n\t\t\t\t\t\t\t\t\t\t\t\t\t\t\t\t<a href=\"https:\/\/jdxvidaesaude.com.br\/\">\n\t\t\t\t\t\t\t<img fetchpriority=\"high\" decoding=\"async\" width=\"300\" height=\"211\" src=\"https:\/\/jdxvidaesaude.com.br\/saude\/wp-content\/uploads\/2024\/10\/jdx_logotipo_completo_branco-300x211.webp\" class=\"attachment-medium size-medium wp-image-1397\" alt=\"\" srcset=\"https:\/\/jdxvidaesaude.com.br\/saude\/wp-content\/uploads\/2024\/10\/jdx_logotipo_completo_branco-300x211.webp 300w, https:\/\/jdxvidaesaude.com.br\/saude\/wp-content\/uploads\/2024\/10\/jdx_logotipo_completo_branco.webp 500w\" sizes=\"(max-width: 300px) 100vw, 300px\" \/>\t\t\t\t\t\t\t\t<\/a>\n\t\t\t\t\t\t\t\t\t\t\t\t\t\t\t<\/div>\n\t\t\t\t<\/div>\n\t\t\t\t\t<\/div>\n\t\t<\/div>\n\t\t\t\t<div class=\"elementor-column elementor-col-33 elementor-top-column elementor-element elementor-element-5bec5f3\" data-id=\"5bec5f3\" data-element_type=\"column\" data-e-type=\"column\">\n\t\t\t<div class=\"elementor-widget-wrap elementor-element-populated\">\n\t\t\t\t\t\t<div class=\"elementor-element elementor-element-82b74a9 elementor-widget elementor-widget-image-box\" data-id=\"82b74a9\" data-element_type=\"widget\" data-e-type=\"widget\" data-widget_type=\"image-box.default\">\n\t\t\t\t<div class=\"elementor-widget-container\">\n\t\t\t\t\t<div class=\"elementor-image-box-wrapper\"><div class=\"elementor-image-box-content\"><div class=\"elementor-image-box-title\"><a href=\"\/saude\/politica-privacidade\/\"><b>Pol\u00edtica de Privacidade<\/b><\/a><\/div><\/div><\/div>\t\t\t\t<\/div>\n\t\t\t\t<\/div>\n\t\t\t\t<div class=\"elementor-element elementor-element-639e957 elementor-widget elementor-widget-image-box\" data-id=\"639e957\" data-element_type=\"widget\" data-e-type=\"widget\" data-widget_type=\"image-box.default\">\n\t\t\t\t<div class=\"elementor-widget-container\">\n\t\t\t\t\t<div class=\"elementor-image-box-wrapper\"><div class=\"elementor-image-box-content\"><div class=\"elementor-image-box-title\"><a href=\"\/saude\/politica-cookies\"><b>Pol\u00edtica de Cookies<\/b><\/a><\/div><\/div><\/div>\t\t\t\t<\/div>\n\t\t\t\t<\/div>\n\t\t\t\t\t<\/div>\n\t\t<\/div>\n\t\t\t\t\t<\/div>\n\t\t<\/section>\n\t\t\t\t<\/div>\n\t\t","protected":false},"excerpt":{"rendered":"<p>Pol\u00edticas de Privacidade Esta Pol\u00edtica de Privacidade tem como objetivo informar voc\u00ea (doravante \u201cUsu\u00e1rio\u201d), que acessa a p\u00e1gina da JDX CORRETORA DE SEGUROS LTDA\u00a0na Internet, quais informa\u00e7\u00f5es s\u00e3o coletadas, como elas s\u00e3o tratadas, bem como as formas de compartilhamento e de exclus\u00e3o desses dados.\u00a0 A presente Pol\u00edtica de Privacidade \u00e9 aplic\u00e1vel ao presente site da [&hellip;]<\/p>\n","protected":false},"author":1,"featured_media":0,"parent":0,"menu_order":0,"comment_status":"closed","ping_status":"closed","template":"elementor_canvas","meta":{"footnotes":""},"class_list":["post-3","page","type-page","status-publish","hentry"],"_links":{"self":[{"href":"https:\/\/jdxvidaesaude.com.br\/saude\/wp-json\/wp\/v2\/pages\/3","targetHints":{"allow":["GET"]}}],"collection":[{"href":"https:\/\/jdxvidaesaude.com.br\/saude\/wp-json\/wp\/v2\/pages"}],"about":[{"href":"https:\/\/jdxvidaesaude.com.br\/saude\/wp-json\/wp\/v2\/types\/page"}],"author":[{"embeddable":true,"href":"https:\/\/jdxvidaesaude.com.br\/saude\/wp-json\/wp\/v2\/users\/1"}],"replies":[{"embeddable":true,"href":"https:\/\/jdxvidaesaude.com.br\/saude\/wp-json\/wp\/v2\/comments?post=3"}],"version-history":[{"count":22,"href":"https:\/\/jdxvidaesaude.com.br\/saude\/wp-json\/wp\/v2\/pages\/3\/revisions"}],"predecessor-version":[{"id":1448,"href":"https:\/\/jdxvidaesaude.com.br\/saude\/wp-json\/wp\/v2\/pages\/3\/revisions\/1448"}],"wp:attachment":[{"href":"https:\/\/jdxvidaesaude.com.br\/saude\/wp-json\/wp\/v2\/media?parent=3"}],"curies":[{"name":"wp","href":"https:\/\/api.w.org\/{rel}","templated":true}]}}