{"id":2359,"date":"2025-02-03T11:17:02","date_gmt":"2025-02-03T14:17:02","guid":{"rendered":"https:\/\/jdxvidaesaude.com.br\/saude\/?page_id=2359"},"modified":"2025-11-18T07:30:26","modified_gmt":"2025-11-18T10:30:26","slug":"simulador-onmed-saude","status":"publish","type":"page","link":"https:\/\/jdxvidaesaude.com.br\/saude\/simulador-onmed-saude\/","title":{"rendered":"Simulador Onmed Sa\u00fade"},"content":{"rendered":"\t\t<div data-elementor-type=\"wp-page\" data-elementor-id=\"2359\" class=\"elementor elementor-2359\" data-elementor-settings=\"{&quot;ha_cmc_init_switcher&quot;:&quot;no&quot;}\" data-elementor-post-type=\"page\">\n\t\t\t\t<div class=\"elementor-element elementor-element-41f684f e-flex e-con-boxed e-con e-parent\" data-id=\"41f684f\" data-element_type=\"container\" data-e-type=\"container\" data-settings=\"{&quot;_ha_eqh_enable&quot;:false}\">\n\t\t\t\t\t<div class=\"e-con-inner\">\n\t\t<div class=\"elementor-element elementor-element-f8bf7e6 e-con-full e-flex e-con e-child\" data-id=\"f8bf7e6\" data-element_type=\"container\" data-e-type=\"container\" data-settings=\"{&quot;_ha_eqh_enable&quot;:false}\">\n\t\t\t\t<div class=\"elementor-element elementor-element-27cfd1b elementor-widget elementor-widget-html\" data-id=\"27cfd1b\" data-element_type=\"widget\" data-e-type=\"widget\" data-widget_type=\"html.default\">\n\t\t\t\t<div class=\"elementor-widget-container\">\n\t\t\t\t\t<script>\n    var b2cor_key = '191a2e64818a35621a5cb45b962605c1';\n    var b2cor = new b2cor(b2cor_key);\n    b2cor.origem = '117266';\n\n    document.addEventListener('DOMContentLoaded', function () {\n        var form = document.querySelector('form[name=\"Form Multietapas Onmed\"]');\n\n        form.addEventListener('submit', function (event) {\n            event.preventDefault();\n\n            \/\/ Captura os campos do formul\u00e1rio\n            var nome = document.querySelector('[name=\"form_fields[name_onmed]\"]').value;\n            var telefone = document.querySelector('[name=\"form_fields[telefone_onmed]\"]').value;\n            var email = document.querySelector('[name=\"form_fields[email_onmed]\"]').value;\n            var ddd = telefone.substring(0, 2);\n            var numero = telefone.substring(2);\n            var quantidadePessoas = document.querySelector('[name=\"form_fields[question1_onmed]\"]').value;\n            var cnpjMei = document.querySelector('[name=\"form_fields[question2_onmed]\"]:checked').value;\n\n            \/\/ Define o tipo de cota\u00e7\u00e3o com base nas respostas\n            var tipoCotacao = \"\";\n            if (quantidadePessoas == \"1\" && cnpjMei === \"SIM\") {\n                tipoCotacao = \"Cota\u00e7\u00e3o: Sa\u00fade Empresarial Individual\";\n            } else if (quantidadePessoas == \"1\" && cnpjMei === \"N\u00c3O\") {\n                tipoCotacao = \"Cota\u00e7\u00e3o: Sa\u00fade Individual\";\n            } else if (parseInt(quantidadePessoas) >= 2 && cnpjMei === \"SIM\") {\n                tipoCotacao = \"Cota\u00e7\u00e3o: Sa\u00fade Empresarial\";\n            } else if (parseInt(quantidadePessoas) >= 2 && cnpjMei === \"N\u00c3O\") {\n                tipoCotacao = \"Cota\u00e7\u00e3o: Sa\u00fade Familiar\";\n            }\n\n            var mensagem = `${tipoCotacao} | Quantidade de pessoas: ${quantidadePessoas} | Possui CNPJ: ${cnpjMei}`;\n\n            \/\/ Monta o objeto final para envio\n            var leadData = {\n                nome: nome,\n                email: email,\n                ddd: ddd,\n                telefone: numero,\n                mensagem: mensagem\n            };\n\n            \/\/ Envia os dados para o B2COR\n            var resultado = b2cor.cadastrar(leadData, \n                function onSuccess(response) {\n                    alert('\u2705 Pronto! Em instantes um de nossos consultores entrar\u00e1 em contato para enviar sua cota\u00e7\u00e3o!');\n                },\n                function onError(error) {\n                    alert('\u274c Ops! Ocorreu um problema ao enviar sua solicita\u00e7\u00e3o. Tente novamente em alguns instantes ou entre em contato conosco.');\n                }\n            );\n\n            \/\/ Verifica se `cadastrar` retornou `false`\n            if (resultado === false) {\n                alert('\u274c Ops! Ocorreu um problema ao enviar sua solicita\u00e7\u00e3o. Tente novamente em alguns instantes ou entre em contato conosco.');\n            }\n        });\n    });\n<\/script>\t\t\t\t<\/div>\n\t\t\t\t<\/div>\n\t\t\t\t<div class=\"elementor-element elementor-element-6549599 elementor-widget-mobile__width-initial elementor-widget__width-inherit elementor-position-top elementor-widget elementor-widget-image-box\" data-id=\"6549599\" data-element_type=\"widget\" data-e-type=\"widget\" data-widget_type=\"image-box.default\">\n\t\t\t\t<div class=\"elementor-widget-container\">\n\t\t\t\t\t<div class=\"elementor-image-box-wrapper\"><figure class=\"elementor-image-box-img\"><img decoding=\"async\" width=\"300\" height=\"150\" src=\"https:\/\/jdxvidaesaude.com.br\/saude\/wp-content\/uploads\/2025\/02\/logo-onmedsaude-form.png\" class=\"attachment-full size-full wp-image-2361\" alt=\"\" \/><\/figure><\/div>\t\t\t\t<\/div>\n\t\t\t\t<\/div>\n\t\t\t\t<div class=\"elementor-element elementor-element-594153c elementor-widget elementor-widget-heading\" data-id=\"594153c\" data-element_type=\"widget\" data-e-type=\"widget\" data-widget_type=\"heading.default\">\n\t\t\t\t<div class=\"elementor-widget-container\">\n\t\t\t\t\t<h2 class=\"elementor-heading-title elementor-size-default\">Simulador Onmed Sa\u00fade<\/h2>\t\t\t\t<\/div>\n\t\t\t\t<\/div>\n\t\t\t\t<div class=\"elementor-element elementor-element-ca2e79d elementor-widget__width-initial elementor-button-align-stretch elementor-widget elementor-widget-form\" data-id=\"ca2e79d\" data-element_type=\"widget\" data-e-type=\"widget\" data-settings=\"{&quot;step_next_label&quot;:&quot;Next&quot;,&quot;step_previous_label&quot;:&quot;Previous&quot;,&quot;button_width&quot;:&quot;100&quot;,&quot;step_type&quot;:&quot;number_text&quot;,&quot;step_icon_shape&quot;:&quot;circle&quot;}\" data-widget_type=\"form.default\">\n\t\t\t\t<div class=\"elementor-widget-container\">\n\t\t\t\t\t\t\t<form class=\"elementor-form\" method=\"post\" name=\"Form Multietapas Onmed\">\n\t\t\t<input type=\"hidden\" name=\"post_id\" value=\"2359\"\/>\n\t\t\t<input type=\"hidden\" name=\"form_id\" value=\"ca2e79d\"\/>\n\t\t\t<input type=\"hidden\" name=\"referer_title\" value=\"Simulador Onmed Sa\u00fade\" \/>\n\n\t\t\t\t\t\t\t<input type=\"hidden\" name=\"queried_id\" value=\"2359\"\/>\n\t\t\t\n\t\t\t<div class=\"elementor-form-fields-wrapper elementor-labels-above\">\n\t\t\t\t\t\t\t\t<div class=\"elementor-field-type-step elementor-field-group elementor-column elementor-field-group-etapa1_onmed elementor-col-100\">\n\t\t\t\t\t\t\t<div class=\"e-field-step elementor-hidden\" data-label=\"\" data-previousButton=\"\" data-nextButton=\"Continuar\" data-iconUrl=\"\" data-iconLibrary=\"fas fa-star\" data-icon=\"&lt;svg class=&quot;e-font-icon-svg e-fas-star&quot; viewBox=&quot;0 0 576 512&quot; xmlns=&quot;http:\/\/www.w3.org\/2000\/svg&quot;&gt;&lt;path d=&quot;M259.3 17.8L194 150.2 47.9 171.5c-26.2 3.8-36.7 36.1-17.7 54.6l105.7 103-25 145.5c-4.5 26.3 23.2 46 46.4 33.7L288 439.6l130.7 68.7c23.2 12.2 50.9-7.4 46.4-33.7l-25-145.5 105.7-103c19-18.5 8.5-50.8-17.7-54.6L382 150.2 316.7 17.8c-11.7-23.6-45.6-23.9-57.4 0z&quot;&gt;&lt;\/path&gt;&lt;\/svg&gt;\" ><\/div>\n\n\t\t\t\t\t\t<\/div>\n\t\t\t\t\t\t\t\t<div class=\"elementor-field-type-text elementor-field-group elementor-column elementor-field-group-name_onmed elementor-col-100 elementor-field-required\">\n\t\t\t\t\t\t\t\t\t\t\t\t<label for=\"form-field-name_onmed\" class=\"elementor-field-label\">\n\t\t\t\t\t\t\t\tVamos come\u00e7ar? Primeiro nos informe seu nome\t\t\t\t\t\t\t<\/label>\n\t\t\t\t\t\t\t\t\t\t\t\t\t\t<input size=\"1\" type=\"text\" name=\"form_fields[name_onmed]\" id=\"form-field-name_onmed\" class=\"elementor-field elementor-size-lg  elementor-field-textual\" placeholder=\"Digite seu nome\" required=\"required\">\n\t\t\t\t\t\t\t\t\t\t\t<\/div>\n\t\t\t\t\t\t\t\t<div class=\"elementor-field-type-step elementor-field-group elementor-column elementor-field-group-etapa2_onmed elementor-col-100\">\n\t\t\t\t\t\t\t<div class=\"e-field-step elementor-hidden\" data-label=\"\" data-previousButton=\"Voltar\" data-nextButton=\"Continuar\" data-iconUrl=\"\" data-iconLibrary=\"fas fa-star\" data-icon=\"&lt;svg class=&quot;e-font-icon-svg e-fas-star&quot; viewBox=&quot;0 0 576 512&quot; xmlns=&quot;http:\/\/www.w3.org\/2000\/svg&quot;&gt;&lt;path d=&quot;M259.3 17.8L194 150.2 47.9 171.5c-26.2 3.8-36.7 36.1-17.7 54.6l105.7 103-25 145.5c-4.5 26.3 23.2 46 46.4 33.7L288 439.6l130.7 68.7c23.2 12.2 50.9-7.4 46.4-33.7l-25-145.5 105.7-103c19-18.5 8.5-50.8-17.7-54.6L382 150.2 316.7 17.8c-11.7-23.6-45.6-23.9-57.4 0z&quot;&gt;&lt;\/path&gt;&lt;\/svg&gt;\" ><\/div>\n\n\t\t\t\t\t\t<\/div>\n\t\t\t\t\t\t\t\t<div class=\"elementor-field-type-tel elementor-field-group elementor-column elementor-field-group-telefone_onmed elementor-col-100\">\n\t\t\t\t\t\t\t\t\t\t\t\t<label for=\"form-field-telefone_onmed\" class=\"elementor-field-label\">\n\t\t\t\t\t\t\t\tVamos continuar? Nos informe seu WhatsApp\t\t\t\t\t\t\t<\/label>\n\t\t\t\t\t\t\t\t<input size=\"1\" type=\"tel\" name=\"form_fields[telefone_onmed]\" id=\"form-field-telefone_onmed\" class=\"elementor-field elementor-size-lg  elementor-field-textual\" placeholder=\"Ex: (xx) xxxxx-xxxx\" pattern=\"[0-9()#&amp;+*-=.]+\" title=\"Only numbers and phone characters (#, -, *, etc) are accepted.\">\n\n\t\t\t\t\t\t<\/div>\n\t\t\t\t\t\t\t\t<div class=\"elementor-field-type-step elementor-field-group elementor-column elementor-field-group-etapa3_onmed elementor-col-100\">\n\t\t\t\t\t\t\t<div class=\"e-field-step elementor-hidden\" data-label=\"\" data-previousButton=\"Voltar\" data-nextButton=\"Continuar\" data-iconUrl=\"\" data-iconLibrary=\"fas fa-star\" data-icon=\"&lt;svg class=&quot;e-font-icon-svg e-fas-star&quot; viewBox=&quot;0 0 576 512&quot; xmlns=&quot;http:\/\/www.w3.org\/2000\/svg&quot;&gt;&lt;path d=&quot;M259.3 17.8L194 150.2 47.9 171.5c-26.2 3.8-36.7 36.1-17.7 54.6l105.7 103-25 145.5c-4.5 26.3 23.2 46 46.4 33.7L288 439.6l130.7 68.7c23.2 12.2 50.9-7.4 46.4-33.7l-25-145.5 105.7-103c19-18.5 8.5-50.8-17.7-54.6L382 150.2 316.7 17.8c-11.7-23.6-45.6-23.9-57.4 0z&quot;&gt;&lt;\/path&gt;&lt;\/svg&gt;\" ><\/div>\n\n\t\t\t\t\t\t<\/div>\n\t\t\t\t\t\t\t\t<div class=\"elementor-field-type-email elementor-field-group elementor-column elementor-field-group-email_onmed elementor-col-100\">\n\t\t\t\t\t\t\t\t\t\t\t\t<label for=\"form-field-email_onmed\" class=\"elementor-field-label\">\n\t\t\t\t\t\t\t\tQual o seu Email?\t\t\t\t\t\t\t<\/label>\n\t\t\t\t\t\t\t\t\t\t\t\t\t\t<input size=\"1\" type=\"email\" name=\"form_fields[email_onmed]\" id=\"form-field-email_onmed\" class=\"elementor-field elementor-size-lg  elementor-field-textual\" placeholder=\"Digite seu melhor e-mail\">\n\t\t\t\t\t\t\t\t\t\t\t<\/div>\n\t\t\t\t\t\t\t\t<div class=\"elementor-field-type-step elementor-field-group elementor-column elementor-field-group-etapa4_onmed elementor-col-100\">\n\t\t\t\t\t\t\t<div class=\"e-field-step elementor-hidden\" data-label=\"\" data-previousButton=\"Voltar\" data-nextButton=\"Continuar\" data-iconUrl=\"\" data-iconLibrary=\"fas fa-star\" data-icon=\"&lt;svg class=&quot;e-font-icon-svg e-fas-star&quot; viewBox=&quot;0 0 576 512&quot; xmlns=&quot;http:\/\/www.w3.org\/2000\/svg&quot;&gt;&lt;path d=&quot;M259.3 17.8L194 150.2 47.9 171.5c-26.2 3.8-36.7 36.1-17.7 54.6l105.7 103-25 145.5c-4.5 26.3 23.2 46 46.4 33.7L288 439.6l130.7 68.7c23.2 12.2 50.9-7.4 46.4-33.7l-25-145.5 105.7-103c19-18.5 8.5-50.8-17.7-54.6L382 150.2 316.7 17.8c-11.7-23.6-45.6-23.9-57.4 0z&quot;&gt;&lt;\/path&gt;&lt;\/svg&gt;\" ><\/div>\n\n\t\t\t\t\t\t<\/div>\n\t\t\t\t\t\t\t\t<div class=\"elementor-field-type-number elementor-field-group elementor-column elementor-field-group-question1_onmed elementor-col-100\">\n\t\t\t\t\t\t\t\t\t\t\t\t<label for=\"form-field-question1_onmed\" class=\"elementor-field-label\">\n\t\t\t\t\t\t\t\tPara quantas pessoas dejesa simular?\t\t\t\t\t\t\t<\/label>\n\t\t\t\t\t\t\t\t\t<input type=\"number\" name=\"form_fields[question1_onmed]\" id=\"form-field-question1_onmed\" class=\"elementor-field elementor-size-lg  elementor-field-textual\" placeholder=\"Apenas n\u00fameros\" min=\"\" max=\"\" >\n\t\t\t\t\t\t<\/div>\n\t\t\t\t\t\t\t\t<div class=\"elementor-field-type-step elementor-field-group elementor-column elementor-field-group-etapa5_onmed elementor-col-100\">\n\t\t\t\t\t\t\t<div class=\"e-field-step elementor-hidden\" data-label=\"\" data-previousButton=\"Voltar\" data-nextButton=\"Continuar\" data-iconUrl=\"\" data-iconLibrary=\"fas fa-star\" data-icon=\"&lt;svg class=&quot;e-font-icon-svg e-fas-star&quot; viewBox=&quot;0 0 576 512&quot; xmlns=&quot;http:\/\/www.w3.org\/2000\/svg&quot;&gt;&lt;path d=&quot;M259.3 17.8L194 150.2 47.9 171.5c-26.2 3.8-36.7 36.1-17.7 54.6l105.7 103-25 145.5c-4.5 26.3 23.2 46 46.4 33.7L288 439.6l130.7 68.7c23.2 12.2 50.9-7.4 46.4-33.7l-25-145.5 105.7-103c19-18.5 8.5-50.8-17.7-54.6L382 150.2 316.7 17.8c-11.7-23.6-45.6-23.9-57.4 0z&quot;&gt;&lt;\/path&gt;&lt;\/svg&gt;\" ><\/div>\n\n\t\t\t\t\t\t<\/div>\n\t\t\t\t\t\t\t\t<div class=\"elementor-field-type-radio elementor-field-group elementor-column elementor-field-group-question2_onmed elementor-col-100\">\n\t\t\t\t\t\t\t\t\t\t\t\t<label for=\"form-field-question2_onmed\" class=\"elementor-field-label\">\n\t\t\t\t\t\t\t\tPossui CNPJ ou MEI (At\u00e9 40% Mais em conta)\t\t\t\t\t\t\t<\/label>\n\t\t\t\t\t\t<div class=\"elementor-field-subgroup  \"><span class=\"elementor-field-option\"><input type=\"radio\" value=\"SIM\" id=\"form-field-question2_onmed-0\" name=\"form_fields[question2_onmed]\"> <label for=\"form-field-question2_onmed-0\">SIM<\/label><\/span><span class=\"elementor-field-option\"><input type=\"radio\" value=\"N\u00c3O\" id=\"form-field-question2_onmed-1\" name=\"form_fields[question2_onmed]\"> <label for=\"form-field-question2_onmed-1\">N\u00c3O<\/label><\/span><\/div>\t\t\t\t<\/div>\n\t\t\t\t\t\t\t\t<div class=\"elementor-field-group elementor-column elementor-field-type-submit elementor-col-100 e-form__buttons\">\n\t\t\t\t\t<button class=\"elementor-button elementor-size-md\" type=\"submit\">\n\t\t\t\t\t\t<span class=\"elementor-button-content-wrapper\">\n\t\t\t\t\t\t\t\t\t\t\t\t\t\t\t\t\t\t\t\t\t\t<span class=\"elementor-button-text\">Continue<\/span>\n\t\t\t\t\t\t\t\t\t\t\t\t\t<\/span>\n\t\t\t\t\t<\/button>\n\t\t\t\t<\/div>\n\t\t\t<\/div>\n\t\t<\/form>\n\t\t\t\t\t\t<\/div>\n\t\t\t\t<\/div>\n\t\t\t\t<\/div>\n\t\t\t\t\t<\/div>\n\t\t\t\t<\/div>\n\t\t\t\t<\/div>\n\t\t","protected":false},"excerpt":{"rendered":"<p>Simulador Onmed Sa\u00fade<\/p>\n","protected":false},"author":1,"featured_media":0,"parent":0,"menu_order":0,"comment_status":"closed","ping_status":"closed","template":"elementor_canvas","meta":{"footnotes":""},"class_list":["post-2359","page","type-page","status-publish","hentry"],"_links":{"self":[{"href":"https:\/\/jdxvidaesaude.com.br\/saude\/wp-json\/wp\/v2\/pages\/2359","targetHints":{"allow":["GET"]}}],"collection":[{"href":"https:\/\/jdxvidaesaude.com.br\/saude\/wp-json\/wp\/v2\/pages"}],"about":[{"href":"https:\/\/jdxvidaesaude.com.br\/saude\/wp-json\/wp\/v2\/types\/page"}],"author":[{"embeddable":true,"href":"https:\/\/jdxvidaesaude.com.br\/saude\/wp-json\/wp\/v2\/users\/1"}],"replies":[{"embeddable":true,"href":"https:\/\/jdxvidaesaude.com.br\/saude\/wp-json\/wp\/v2\/comments?post=2359"}],"version-history":[{"count":16,"href":"https:\/\/jdxvidaesaude.com.br\/saude\/wp-json\/wp\/v2\/pages\/2359\/revisions"}],"predecessor-version":[{"id":2990,"href":"https:\/\/jdxvidaesaude.com.br\/saude\/wp-json\/wp\/v2\/pages\/2359\/revisions\/2990"}],"wp:attachment":[{"href":"https:\/\/jdxvidaesaude.com.br\/saude\/wp-json\/wp\/v2\/media?parent=2359"}],"curies":[{"name":"wp","href":"https:\/\/api.w.org\/{rel}","templated":true}]}}