{"id":2232,"date":"2025-01-27T18:29:36","date_gmt":"2025-01-27T21:29:36","guid":{"rendered":"https:\/\/jdxvidaesaude.com.br\/saude\/?page_id=2232"},"modified":"2025-11-18T07:28:51","modified_gmt":"2025-11-18T10:28:51","slug":"simulador-hapvida","status":"publish","type":"page","link":"https:\/\/jdxvidaesaude.com.br\/saude\/simulador-hapvida\/","title":{"rendered":"Simulador Hapvida"},"content":{"rendered":"\t\t<div data-elementor-type=\"wp-page\" data-elementor-id=\"2232\" class=\"elementor elementor-2232\" data-elementor-settings=\"{&quot;ha_cmc_init_switcher&quot;:&quot;no&quot;}\" data-elementor-post-type=\"page\">\n\t\t\t\t<div class=\"elementor-element elementor-element-41f684f e-flex e-con-boxed e-con e-parent\" data-id=\"41f684f\" data-element_type=\"container\" data-e-type=\"container\" data-settings=\"{&quot;_ha_eqh_enable&quot;:false}\">\n\t\t\t\t\t<div class=\"e-con-inner\">\n\t\t<div class=\"elementor-element elementor-element-f8bf7e6 e-con-full e-flex e-con e-child\" data-id=\"f8bf7e6\" data-element_type=\"container\" data-e-type=\"container\" data-settings=\"{&quot;_ha_eqh_enable&quot;:false}\">\n\t\t\t\t<div class=\"elementor-element elementor-element-c88ae5e elementor-widget elementor-widget-html\" data-id=\"c88ae5e\" data-element_type=\"widget\" data-e-type=\"widget\" data-widget_type=\"html.default\">\n\t\t\t\t<div class=\"elementor-widget-container\">\n\t\t\t\t\t<script>\r\n    var b2cor_key = '191a2e64818a35621a5cb45b962605c1';\r\n    var b2cor = new b2cor(b2cor_key);\r\n    b2cor.origem = '117064';\r\n\r\n    document.addEventListener('DOMContentLoaded', function () {\r\n        var form = document.querySelector('form[name=\"Form Multietapas CCG\"]');\r\n\r\n        form.addEventListener('submit', function (event) {\r\n            event.preventDefault();\r\n\r\n            \/\/ Captura os campos do formul\u00e1rio\r\n            var nome = document.querySelector('[name=\"form_fields[name_ccg]\"]').value;\r\n            var telefone = document.querySelector('[name=\"form_fields[telefone_ccg]\"]').value;\r\n            var email = document.querySelector('[name=\"form_fields[email_ccg]\"]').value;\r\n            var ddd = telefone.substring(0, 2);\r\n            var numero = telefone.substring(2);\r\n            var quantidadePessoas = document.querySelector('[name=\"form_fields[question1_ccg]\"]').value;\r\n            var cnpjMei = document.querySelector('[name=\"form_fields[question2_ccg]\"]:checked').value;\r\n\r\n            \/\/ Define o tipo de cota\u00e7\u00e3o com base nas respostas\r\n            var tipoCotacao = \"\";\r\n            if (quantidadePessoas == \"1\" && cnpjMei === \"SIM\") {\r\n                tipoCotacao = \"Cota\u00e7\u00e3o: Sa\u00fade Empresarial Individual\";\r\n            } else if (quantidadePessoas == \"1\" && cnpjMei === \"N\u00c3O\") {\r\n                tipoCotacao = \"Cota\u00e7\u00e3o: Sa\u00fade Individual\";\r\n            } else if (parseInt(quantidadePessoas) >= 2 && cnpjMei === \"SIM\") {\r\n                tipoCotacao = \"Cota\u00e7\u00e3o: Sa\u00fade Empresarial\";\r\n            } else if (parseInt(quantidadePessoas) >= 2 && cnpjMei === \"N\u00c3O\") {\r\n                tipoCotacao = \"Cota\u00e7\u00e3o: Sa\u00fade Familiar\";\r\n            }\r\n\r\n            \/\/ Captura a URL da p\u00e1gina\r\n            var pageURL = window.location.href;\r\n\r\n            \/\/ Detecta a origem com base na URL\r\n            var origemLead = '';\r\n            if (pageURL.includes('google')) {\r\n                origemLead = 'Origem: Google';\r\n            } else if (pageURL.includes('fbclid') || pageURL.includes('facebook') || pageURL.includes('instagram')) {\r\n                origemLead = 'Origem: Facebook\/Instagram';\r\n            } else {\r\n                origemLead = 'Origem: Tr\u00e1fego Direto ou Outro Canal';\r\n            }\r\n\r\n            \/\/ Monta a mensagem final\r\n            var mensagem = `${origemLead} | ${tipoCotacao} | Quantidade de pessoas: ${quantidadePessoas} | Possui CNPJ: ${cnpjMei}`;\r\n\r\n            \/\/ Monta o objeto final para envio\r\n            var leadData = {\r\n                nome: nome,\r\n                email: email,\r\n                ddd: ddd,\r\n                telefone: numero,\r\n                mensagem: mensagem\r\n            };\r\n\r\n            \/\/ Envia os dados para o B2COR\r\n            var resultado = b2cor.cadastrar(leadData, \r\n                null,\r\n                function onError(error) {\r\n                    alert('\u274c Ops! Ocorreu um problema ao enviar sua solicita\u00e7\u00e3o. Tente novamente em alguns instantes ou entre em contato conosco.');\r\n                }\r\n            );\r\n\r\n\r\n            \/\/ Verifica se `cadastrar` retornou `false`\r\n            if (resultado === false) {\r\n                alert('\u274c Ops! Ocorreu um problema ao enviar sua solicita\u00e7\u00e3o. Tente novamente em alguns instantes ou entre em contato conosco.');\r\n            }\r\n        });\r\n    });\r\n<\/script>\t\t\t\t<\/div>\n\t\t\t\t<\/div>\n\t\t\t\t<div class=\"elementor-element elementor-element-6549599 elementor-widget-mobile__width-initial elementor-widget__width-inherit elementor-position-top elementor-widget elementor-widget-image-box\" data-id=\"6549599\" data-element_type=\"widget\" data-e-type=\"widget\" data-widget_type=\"image-box.default\">\n\t\t\t\t<div class=\"elementor-widget-container\">\n\t\t\t\t\t<div class=\"elementor-image-box-wrapper\"><figure class=\"elementor-image-box-img\"><img fetchpriority=\"high\" decoding=\"async\" width=\"4096\" height=\"946\" src=\"https:\/\/jdxvidaesaude.com.br\/saude\/wp-content\/uploads\/2025\/03\/hapvida-logo.png\" class=\"attachment-full size-full wp-image-2871\" alt=\"\" srcset=\"https:\/\/jdxvidaesaude.com.br\/saude\/wp-content\/uploads\/2025\/03\/hapvida-logo.png 4096w, https:\/\/jdxvidaesaude.com.br\/saude\/wp-content\/uploads\/2025\/03\/hapvida-logo-300x69.png 300w, https:\/\/jdxvidaesaude.com.br\/saude\/wp-content\/uploads\/2025\/03\/hapvida-logo-1024x237.png 1024w, https:\/\/jdxvidaesaude.com.br\/saude\/wp-content\/uploads\/2025\/03\/hapvida-logo-768x177.png 768w, https:\/\/jdxvidaesaude.com.br\/saude\/wp-content\/uploads\/2025\/03\/hapvida-logo-1536x355.png 1536w, https:\/\/jdxvidaesaude.com.br\/saude\/wp-content\/uploads\/2025\/03\/hapvida-logo-2048x473.png 2048w\" sizes=\"(max-width: 4096px) 100vw, 4096px\" \/><\/figure><\/div>\t\t\t\t<\/div>\n\t\t\t\t<\/div>\n\t\t\t\t<div class=\"elementor-element elementor-element-594153c elementor-widget elementor-widget-heading\" data-id=\"594153c\" data-element_type=\"widget\" data-e-type=\"widget\" data-widget_type=\"heading.default\">\n\t\t\t\t<div class=\"elementor-widget-container\">\n\t\t\t\t\t<h2 class=\"elementor-heading-title elementor-size-default\">Simulador Hapvida Sa\u00fade<\/h2>\t\t\t\t<\/div>\n\t\t\t\t<\/div>\n\t\t\t\t<div class=\"elementor-element elementor-element-ca2e79d elementor-widget__width-initial elementor-button-align-stretch elementor-widget elementor-widget-form\" data-id=\"ca2e79d\" data-element_type=\"widget\" data-e-type=\"widget\" data-settings=\"{&quot;step_next_label&quot;:&quot;Next&quot;,&quot;step_previous_label&quot;:&quot;Previous&quot;,&quot;button_width&quot;:&quot;100&quot;,&quot;step_type&quot;:&quot;number_text&quot;,&quot;step_icon_shape&quot;:&quot;circle&quot;}\" data-widget_type=\"form.default\">\n\t\t\t\t<div class=\"elementor-widget-container\">\n\t\t\t\t\t\t\t<form class=\"elementor-form\" method=\"post\" name=\"Form Multietapas CCG\">\n\t\t\t<input type=\"hidden\" name=\"post_id\" value=\"2232\"\/>\n\t\t\t<input type=\"hidden\" name=\"form_id\" value=\"ca2e79d\"\/>\n\t\t\t<input type=\"hidden\" name=\"referer_title\" value=\"Simulador Hapvida\" \/>\n\n\t\t\t\t\t\t\t<input type=\"hidden\" name=\"queried_id\" value=\"2232\"\/>\n\t\t\t\n\t\t\t<div class=\"elementor-form-fields-wrapper elementor-labels-above\">\n\t\t\t\t\t\t\t\t<div class=\"elementor-field-type-step elementor-field-group elementor-column elementor-field-group-etapa1_ccg elementor-col-100\">\n\t\t\t\t\t\t\t<div class=\"e-field-step elementor-hidden\" data-label=\"\" data-previousButton=\"\" data-nextButton=\"Continuar\" data-iconUrl=\"\" data-iconLibrary=\"\" data-icon=\"\" ><\/div>\n\n\t\t\t\t\t\t<\/div>\n\t\t\t\t\t\t\t\t<div class=\"elementor-field-type-text elementor-field-group elementor-column elementor-field-group-name_ccg elementor-col-100 elementor-field-required\">\n\t\t\t\t\t\t\t\t\t\t\t\t<label for=\"form-field-name_ccg\" class=\"elementor-field-label\">\n\t\t\t\t\t\t\t\tVamos come\u00e7ar? Primeiro nos informe seu nome\t\t\t\t\t\t\t<\/label>\n\t\t\t\t\t\t\t\t\t\t\t\t\t\t<input size=\"1\" type=\"text\" name=\"form_fields[name_ccg]\" id=\"form-field-name_ccg\" class=\"elementor-field elementor-size-lg  elementor-field-textual\" placeholder=\"Digite seu nome\" required=\"required\">\n\t\t\t\t\t\t\t\t\t\t\t<\/div>\n\t\t\t\t\t\t\t\t<div class=\"elementor-field-type-step elementor-field-group elementor-column elementor-field-group-etapa2_ccg elementor-col-100\">\n\t\t\t\t\t\t\t<div class=\"e-field-step elementor-hidden\" data-label=\"\" data-previousButton=\"Voltar\" data-nextButton=\"Continuar\" data-iconUrl=\"\" data-iconLibrary=\"\" data-icon=\"\" ><\/div>\n\n\t\t\t\t\t\t<\/div>\n\t\t\t\t\t\t\t\t<div class=\"elementor-field-type-number elementor-field-group elementor-column elementor-field-group-telefone_ccg elementor-col-100 elementor-field-required\">\n\t\t\t\t\t\t\t\t\t\t\t\t<label for=\"form-field-telefone_ccg\" class=\"elementor-field-label\">\n\t\t\t\t\t\t\t\tVamos continuar? Nos informe seu WhatsApp\t\t\t\t\t\t\t<\/label>\n\t\t\t\t\t\t\t\t\t<input type=\"number\" name=\"form_fields[telefone_ccg]\" id=\"form-field-telefone_ccg\" class=\"elementor-field elementor-size-lg  elementor-field-textual\" placeholder=\"Ex: (xx) xxxxx-xxxx\" required=\"required\" min=\"\" max=\"\" >\n\t\t\t\t\t\t<\/div>\n\t\t\t\t\t\t\t\t<div class=\"elementor-field-type-step elementor-field-group elementor-column elementor-field-group-etapa3_ccg elementor-col-100\">\n\t\t\t\t\t\t\t<div class=\"e-field-step elementor-hidden\" data-label=\"\" data-previousButton=\"Voltar\" data-nextButton=\"Continuar\" data-iconUrl=\"\" data-iconLibrary=\"\" data-icon=\"\" ><\/div>\n\n\t\t\t\t\t\t<\/div>\n\t\t\t\t\t\t\t\t<div class=\"elementor-field-type-email elementor-field-group elementor-column elementor-field-group-email_ccg elementor-col-100 elementor-field-required\">\n\t\t\t\t\t\t\t\t\t\t\t\t<label for=\"form-field-email_ccg\" class=\"elementor-field-label\">\n\t\t\t\t\t\t\t\tQual o seu E-mail?\t\t\t\t\t\t\t<\/label>\n\t\t\t\t\t\t\t\t\t\t\t\t\t\t<input size=\"1\" type=\"email\" name=\"form_fields[email_ccg]\" id=\"form-field-email_ccg\" class=\"elementor-field elementor-size-lg  elementor-field-textual\" placeholder=\"Digite seu melhor e-mail\" required=\"required\">\n\t\t\t\t\t\t\t\t\t\t\t<\/div>\n\t\t\t\t\t\t\t\t<div class=\"elementor-field-type-step elementor-field-group elementor-column elementor-field-group-etapa4_ccg elementor-col-100\">\n\t\t\t\t\t\t\t<div class=\"e-field-step elementor-hidden\" data-label=\"\" data-previousButton=\"Voltar\" data-nextButton=\"Continuar\" data-iconUrl=\"\" data-iconLibrary=\"\" data-icon=\"\" ><\/div>\n\n\t\t\t\t\t\t<\/div>\n\t\t\t\t\t\t\t\t<div class=\"elementor-field-type-number elementor-field-group elementor-column elementor-field-group-question1_ccg elementor-col-100 elementor-field-required\">\n\t\t\t\t\t\t\t\t\t\t\t\t<label for=\"form-field-question1_ccg\" class=\"elementor-field-label\">\n\t\t\t\t\t\t\t\tPara quantas pessoas dejesa simular?\t\t\t\t\t\t\t<\/label>\n\t\t\t\t\t\t\t\t\t<input type=\"number\" name=\"form_fields[question1_ccg]\" id=\"form-field-question1_ccg\" class=\"elementor-field elementor-size-lg  elementor-field-textual\" placeholder=\"Apenas n\u00fameros\" required=\"required\" min=\"1\" max=\"\" >\n\t\t\t\t\t\t<\/div>\n\t\t\t\t\t\t\t\t<div class=\"elementor-field-type-step elementor-field-group elementor-column elementor-field-group-etapa5_ccg elementor-col-100\">\n\t\t\t\t\t\t\t<div class=\"e-field-step elementor-hidden\" data-label=\"\" data-previousButton=\"Voltar\" data-nextButton=\"Continuar\" data-iconUrl=\"\" data-iconLibrary=\"\" data-icon=\"\" ><\/div>\n\n\t\t\t\t\t\t<\/div>\n\t\t\t\t\t\t\t\t<div class=\"elementor-field-type-radio elementor-field-group elementor-column elementor-field-group-question2_ccg elementor-col-100 elementor-field-required\">\n\t\t\t\t\t\t\t\t\t\t\t\t<label for=\"form-field-question2_ccg\" class=\"elementor-field-label\">\n\t\t\t\t\t\t\t\tPossui CNPJ ou MEI (At\u00e9 40% Mais em conta)\t\t\t\t\t\t\t<\/label>\n\t\t\t\t\t\t<div class=\"elementor-field-subgroup  \"><span class=\"elementor-field-option\"><input type=\"radio\" value=\"SIM\" id=\"form-field-question2_ccg-0\" name=\"form_fields[question2_ccg]\" required=\"required\"> <label for=\"form-field-question2_ccg-0\">SIM<\/label><\/span><span class=\"elementor-field-option\"><input type=\"radio\" value=\"N\u00c3O\" id=\"form-field-question2_ccg-1\" name=\"form_fields[question2_ccg]\" required=\"required\"> <label for=\"form-field-question2_ccg-1\">N\u00c3O<\/label><\/span><\/div>\t\t\t\t<\/div>\n\t\t\t\t\t\t\t\t<div class=\"elementor-field-group elementor-column elementor-field-type-submit elementor-col-100 e-form__buttons\">\n\t\t\t\t\t<button class=\"elementor-button elementor-size-md\" type=\"submit\">\n\t\t\t\t\t\t<span class=\"elementor-button-content-wrapper\">\n\t\t\t\t\t\t\t\t\t\t\t\t\t\t\t\t\t\t\t\t\t\t<span class=\"elementor-button-text\">Continue<\/span>\n\t\t\t\t\t\t\t\t\t\t\t\t\t<\/span>\n\t\t\t\t\t<\/button>\n\t\t\t\t<\/div>\n\t\t\t<\/div>\n\t\t<\/form>\n\t\t\t\t\t\t<\/div>\n\t\t\t\t<\/div>\n\t\t\t\t<\/div>\n\t\t\t\t\t<\/div>\n\t\t\t\t<\/div>\n\t\t\t\t<\/div>\n\t\t","protected":false},"excerpt":{"rendered":"<p>Simulador Hapvida Sa\u00fade<\/p>\n","protected":false},"author":1,"featured_media":0,"parent":0,"menu_order":0,"comment_status":"closed","ping_status":"closed","template":"elementor_canvas","meta":{"footnotes":""},"class_list":["post-2232","page","type-page","status-publish","hentry"],"_links":{"self":[{"href":"https:\/\/jdxvidaesaude.com.br\/saude\/wp-json\/wp\/v2\/pages\/2232","targetHints":{"allow":["GET"]}}],"collection":[{"href":"https:\/\/jdxvidaesaude.com.br\/saude\/wp-json\/wp\/v2\/pages"}],"about":[{"href":"https:\/\/jdxvidaesaude.com.br\/saude\/wp-json\/wp\/v2\/types\/page"}],"author":[{"embeddable":true,"href":"https:\/\/jdxvidaesaude.com.br\/saude\/wp-json\/wp\/v2\/users\/1"}],"replies":[{"embeddable":true,"href":"https:\/\/jdxvidaesaude.com.br\/saude\/wp-json\/wp\/v2\/comments?post=2232"}],"version-history":[{"count":109,"href":"https:\/\/jdxvidaesaude.com.br\/saude\/wp-json\/wp\/v2\/pages\/2232\/revisions"}],"predecessor-version":[{"id":2975,"href":"https:\/\/jdxvidaesaude.com.br\/saude\/wp-json\/wp\/v2\/pages\/2232\/revisions\/2975"}],"wp:attachment":[{"href":"https:\/\/jdxvidaesaude.com.br\/saude\/wp-json\/wp\/v2\/media?parent=2232"}],"curies":[{"name":"wp","href":"https:\/\/api.w.org\/{rel}","templated":true}]}}